{"id":1380,"date":"2022-06-29T16:50:25","date_gmt":"2022-06-29T19:50:25","guid":{"rendered":"https:\/\/www.oterogroup.com\/?page_id=1380"},"modified":"2022-07-01T17:32:39","modified_gmt":"2022-07-01T20:32:39","slug":"servicios-corporativos-y-fiduciarios","status":"publish","type":"page","link":"https:\/\/www.oterogroup.com\/en\/servicios-corporativos-y-fiduciarios\/","title":{"rendered":"Corporate and Fiduciary Services"},"content":{"rendered":"<blockquote class=\"wp-block-quote is-layout-flow wp-block-quote-is-layout-flow\"><p><em>\"In this world nothing can be said to be certain, except death and taxes.\"<\/em><\/p><cite><small>Benjamin Franklin<\/small><\/cite><\/blockquote>\n\n\n\n<p>To take advantage of business tax benefits available in different countries is today a key element for planning a business success.<\/p>\n\n\n\n<p>For that purpose, we have agents who are strategically located in the international financial centers and in the most prestigious business jurisdictions ready to assist you.<\/p>\n\n\n\n<p>Together with you we can design and implement the most efficient alternative form for your business international development.<\/p>\n\n\n\n<p><strong>We offer you our services in all these business jurisdictions:<\/strong><\/p>\n\n\n\n<div class=\"wp-block-columns is-layout-flex wp-container-core-columns-is-layout-9d6595d7 wp-block-columns-is-layout-flex\">\n<div class=\"wp-block-column is-layout-flow wp-block-column-is-layout-flow\">\n<ul class=\"wp-block-list\"><li>Austria<\/li><li>Bahamas<\/li><li>Belize<\/li><li>Canada<\/li><li>Cyprus<\/li><li>Denmark<\/li><li>Arab Emirates<\/li><li>Spain<\/li><li>United States of America<\/li><li>Gibraltar<\/li><li>Guernesey<\/li><li>Netherlands<\/li><\/ul>\n<\/div>\n\n\n\n<div class=\"wp-block-column is-layout-flow wp-block-column-is-layout-flow\">\n<ul class=\"wp-block-list\"><li>Hong Kong<\/li><li>Isle of Man<\/li><li>Mauritius<\/li><li>Cayman Islands<\/li><li>Brittish Virgin Islands<\/li><li>Liechtenstein<\/li><li>Luxembourg<\/li><li>Malta<\/li><li>Nevis<\/li><li>Niue<\/li><li>Panama<\/li><li>Portugal<\/li><\/ul>\n<\/div>\n\n\n\n<div class=\"wp-block-column is-layout-flow wp-block-column-is-layout-flow\">\n<ul class=\"wp-block-list\"><li>United Kingdom<\/li><li>Samoa<\/li><li>Seychelles<\/li><li>Shangai<\/li><li>Singapore<\/li><li>South Africa<\/li><li>Suitzerland<\/li><li>Turks &amp; Caicos<\/li><li>Uruguay<\/li><li>Vanuatu<\/li><\/ul>\n<\/div>\n<\/div>","protected":false},"excerpt":{"rendered":"<p>\u00abNo hay nada tan cierto en el mundo como la muerte y los impuestos.\u00bb Benjamin Franklin Hoy en d\u00eda en fundamental aprovechar las ventajas impositivas que proporcionan los diferentes pa\u00edses como base para la realizaci\u00f3n de negocios. Para ello , contamos con agentes ubicados estrat\u00e9gicamente en los centros financieros internacionales y en las jurisdicciones de &#8230; <a title=\"Corporate and Fiduciary Services\" class=\"read-more\" href=\"https:\/\/www.oterogroup.com\/en\/servicios-corporativos-y-fiduciarios\/\" aria-label=\"More on Servicios Corporativos y Fiduciarios\">Read more<\/a><\/p>","protected":false},"author":1,"featured_media":2025,"parent":0,"menu_order":0,"comment_status":"closed","ping_status":"closed","template":"","meta":{"footnotes":""},"class_list":["post-1380","page","type-page","status-publish","has-post-thumbnail"],"acf":[],"_links":{"self":[{"href":"https:\/\/www.oterogroup.com\/en\/wp-json\/wp\/v2\/pages\/1380","targetHints":{"allow":["GET"]}}],"collection":[{"href":"https:\/\/www.oterogroup.com\/en\/wp-json\/wp\/v2\/pages"}],"about":[{"href":"https:\/\/www.oterogroup.com\/en\/wp-json\/wp\/v2\/types\/page"}],"author":[{"embeddable":true,"href":"https:\/\/www.oterogroup.com\/en\/wp-json\/wp\/v2\/users\/1"}],"replies":[{"embeddable":true,"href":"https:\/\/www.oterogroup.com\/en\/wp-json\/wp\/v2\/comments?post=1380"}],"version-history":[{"count":1,"href":"https:\/\/www.oterogroup.com\/en\/wp-json\/wp\/v2\/pages\/1380\/revisions"}],"predecessor-version":[{"id":1385,"href":"https:\/\/www.oterogroup.com\/en\/wp-json\/wp\/v2\/pages\/1380\/revisions\/1385"}],"wp:featuredmedia":[{"embeddable":true,"href":"https:\/\/www.oterogroup.com\/en\/wp-json\/wp\/v2\/media\/2025"}],"wp:attachment":[{"href":"https:\/\/www.oterogroup.com\/en\/wp-json\/wp\/v2\/media?parent=1380"}],"curies":[{"name":"wp","href":"https:\/\/api.w.org\/{rel}","templated":true}]}}