{"id":1381,"date":"2022-06-29T16:52:04","date_gmt":"2022-06-29T19:52:04","guid":{"rendered":"https:\/\/www.oterogroup.com\/?page_id=1381"},"modified":"2022-07-01T16:55:23","modified_gmt":"2022-07-01T19:55:23","slug":"asesoramiento-tributario-legal-laboral-y-contable","status":"publish","type":"page","link":"https:\/\/www.oterogroup.com\/en\/asesoramiento-tributario-legal-laboral-y-contable\/","title":{"rendered":"Tax, Accounting, Labour, Notarial and Legal Advisory Services"},"content":{"rendered":"<blockquote class=\"wp-block-quote is-layout-flow wp-block-quote-is-layout-flow\"><p><em>\"The thought is tax-free.\"<\/em><\/p><cite><small>Martin Lutero<\/small><\/cite><\/blockquote>\n\n\n\n<p>The success or failure of any business starts with the planning of its operation and the tax burden implied.<\/p>\n\n\n\n<p>Our mission is to help you to accomplish the success that you and your business deserve through our local and international advisors.<\/p>\n\n\n\n<p>A highly specialized professional team is ready to analyze and assess the specific situation, define objectives and implement those business strategies which would maximize your personal assets and\/or your business.<\/p>\n\n\n\n<p>Our goal is to offer you added value by searching customize solutions which suit your needs instead of providing standard products.<\/p>\n\n\n\n<ul class=\"wp-block-list\"><li>Advice in corporate structures<\/li><li>Customize solutions for asset protection<\/li><li>Fusion and transformation procedures<\/li><li>Closing and dissolving corporate structures<\/li><li>Due Diligence procedures<\/li><li>Stock Administration and Custodial Services<\/li><li>Corporate Secretarial Services<\/li><li>Local and International Tax Settlement<\/li><li>Notary Services<\/li><li>Accounting<ul><li>Registration, balance sheets<\/li><li>Monthly account reconciliation and Bank reconciliation<\/li><li>Customize assistance on accounting matters<\/li><li>Submission of Financial Reports to Audit Authorities (AIN in Uruguay)<\/li><li>Retail services<\/li><li>Procedures with government agencies (Social Security, Insurance Bank, Labour MInistry)<\/li><\/ul><\/li><\/ul>","protected":false},"excerpt":{"rendered":"<p>\u00abEl pensamiento est\u00e1 libre de impuestos.\u00bb Martin Lutero El \u00e9xito o fracaso de toda actividad empresarial comienza con la planificaci\u00f3n de la operativa a realizar y de los impuestos a pagar Nuestra misi\u00f3n es ayudarlo a lograr el \u00e9xito empresarial que usted y su empresa merece, contando con asesores locales e internacionales, que forman un &#8230; <a title=\"Tax, Accounting, Labour, Notarial and Legal Advisory Services\" class=\"read-more\" href=\"https:\/\/www.oterogroup.com\/en\/asesoramiento-tributario-legal-laboral-y-contable\/\" aria-label=\"More on Asesoramiento Tributario, Legal, Laboral y Contable\">Read more<\/a><\/p>","protected":false},"author":1,"featured_media":1894,"parent":0,"menu_order":0,"comment_status":"closed","ping_status":"closed","template":"","meta":{"footnotes":""},"class_list":["post-1381","page","type-page","status-publish","has-post-thumbnail"],"acf":[],"_links":{"self":[{"href":"https:\/\/www.oterogroup.com\/en\/wp-json\/wp\/v2\/pages\/1381","targetHints":{"allow":["GET"]}}],"collection":[{"href":"https:\/\/www.oterogroup.com\/en\/wp-json\/wp\/v2\/pages"}],"about":[{"href":"https:\/\/www.oterogroup.com\/en\/wp-json\/wp\/v2\/types\/page"}],"author":[{"embeddable":true,"href":"https:\/\/www.oterogroup.com\/en\/wp-json\/wp\/v2\/users\/1"}],"replies":[{"embeddable":true,"href":"https:\/\/www.oterogroup.com\/en\/wp-json\/wp\/v2\/comments?post=1381"}],"version-history":[{"count":1,"href":"https:\/\/www.oterogroup.com\/en\/wp-json\/wp\/v2\/pages\/1381\/revisions"}],"predecessor-version":[{"id":1386,"href":"https:\/\/www.oterogroup.com\/en\/wp-json\/wp\/v2\/pages\/1381\/revisions\/1386"}],"wp:featuredmedia":[{"embeddable":true,"href":"https:\/\/www.oterogroup.com\/en\/wp-json\/wp\/v2\/media\/1894"}],"wp:attachment":[{"href":"https:\/\/www.oterogroup.com\/en\/wp-json\/wp\/v2\/media?parent=1381"}],"curies":[{"name":"wp","href":"https:\/\/api.w.org\/{rel}","templated":true}]}}