{"id":1383,"date":"2022-06-29T16:54:30","date_gmt":"2022-06-29T19:54:30","guid":{"rendered":"https:\/\/www.oterogroup.com\/?page_id=1383"},"modified":"2022-06-29T17:21:20","modified_gmt":"2022-06-29T20:21:20","slug":"servicios-de-relocation-residencia","status":"publish","type":"page","link":"https:\/\/www.oterogroup.com\/en\/servicios-de-relocation-residencia\/","title":{"rendered":"Servicios de Relocation &#8211; Residencia"},"content":{"rendered":"<blockquote class=\"wp-block-quote is-layout-flow wp-block-quote-is-layout-flow\"><p><em>\"Each dream that you leave behind is part of your future that will no longer exist\"<\/em><\/p><cite><small>Steve Jobs<\/small><\/cite><\/blockquote>\n\n\n\n<p>Our firm can offer comprehensive assistance and advice on legal, tax, accountancy and labor matters for a successful and easy relocation process.<\/p>\n\n\n\n<p>We will assist you with the application for permanent legal residence and the whole relocation process of searching for a property, vehicle, medical care, school and others.<\/p>\n\n\n\n<p>Contact us to obtain additional information and to learn in detail about our services.<\/p>","protected":false},"excerpt":{"rendered":"<p>\u201cCada sue\u00f1o que dejas atr\u00e1s es parte de tu futuro que dejas morir\u201d Steve Jobs Nuestra firma brinda un asesoramiento y asistencia integral en el proceso de reubicaci\u00f3n en nuestro pais, abarcando los aspectos legales, impositivos, contables y laborales, asegurando as\u00ed un proceso exitoso y eficiente. Lo asistiremos desde el inicio, con la aplicaci\u00f3n para &#8230; <a title=\"Relocation \u2013 Residence Services\" class=\"read-more\" href=\"https:\/\/www.oterogroup.com\/en\/servicios-de-relocation-residencia\/\" aria-label=\"More on Servicios de Relocation &#8211; Residencia\">Read more<\/a><\/p>","protected":false},"author":1,"featured_media":1394,"parent":0,"menu_order":0,"comment_status":"closed","ping_status":"closed","template":"","meta":{"footnotes":""},"class_list":["post-1383","page","type-page","status-publish","has-post-thumbnail"],"acf":[],"_links":{"self":[{"href":"https:\/\/www.oterogroup.com\/en\/wp-json\/wp\/v2\/pages\/1383","targetHints":{"allow":["GET"]}}],"collection":[{"href":"https:\/\/www.oterogroup.com\/en\/wp-json\/wp\/v2\/pages"}],"about":[{"href":"https:\/\/www.oterogroup.com\/en\/wp-json\/wp\/v2\/types\/page"}],"author":[{"embeddable":true,"href":"https:\/\/www.oterogroup.com\/en\/wp-json\/wp\/v2\/users\/1"}],"replies":[{"embeddable":true,"href":"https:\/\/www.oterogroup.com\/en\/wp-json\/wp\/v2\/comments?post=1383"}],"version-history":[{"count":2,"href":"https:\/\/www.oterogroup.com\/en\/wp-json\/wp\/v2\/pages\/1383\/revisions"}],"predecessor-version":[{"id":1390,"href":"https:\/\/www.oterogroup.com\/en\/wp-json\/wp\/v2\/pages\/1383\/revisions\/1390"}],"wp:featuredmedia":[{"embeddable":true,"href":"https:\/\/www.oterogroup.com\/en\/wp-json\/wp\/v2\/media\/1394"}],"wp:attachment":[{"href":"https:\/\/www.oterogroup.com\/en\/wp-json\/wp\/v2\/media?parent=1383"}],"curies":[{"name":"wp","href":"https:\/\/api.w.org\/{rel}","templated":true}]}}