{"id":1384,"date":"2022-06-29T16:54:01","date_gmt":"2022-06-29T19:54:01","guid":{"rendered":"https:\/\/www.oterogroup.com\/?page_id=1384"},"modified":"2022-06-29T17:30:14","modified_gmt":"2022-06-29T20:30:14","slug":"logistica-y-comercio-internacional","status":"publish","type":"page","link":"https:\/\/www.oterogroup.com\/en\/logistica-y-comercio-internacional\/","title":{"rendered":"International Trade and Logistics"},"content":{"rendered":"<blockquote class=\"wp-block-quote is-layout-flow wp-block-quote-is-layout-flow\"><p><em>\"The secret of business is to know something that nobody else knows.\"<\/em><\/p><cite><small>Arist\u00f3teles Onassis<\/small><\/cite><\/blockquote>\n\n\n\n<p>The location of Uruguay  in the region has made it a place both attractive and convenient for investment in  as well as commerce, distribution and storage of goods both for local and foreign investors with an interest in America.<\/p>\n\n\n\n<p>Our integral service in International Trade and Logistics includes freight and insurance contracts, reception of goods (port\/airport\/land) and their transport either for storage or transit as well as delivery at destination.<\/p>\n\n\n\n<p>Our goal is to provide solutions to our clients needs by rendering a dynamic and efficient service in order to optimize their time and cost.<\/p>\n\n\n\n<p><strong>Free Zone and Free Port Services<\/strong><\/p>\n\n\n\n<ul class=\"wp-block-list\"><li>Freight and Insurance Contracts<\/li><li>Goods Reception  (port, airport or land)<\/li><li>Custom Clearance Services (Import-export and transit)<\/li><li>Storage services in Free Zone or Free Port<\/li><li>Fractionation, Labeling, Packing changes, Invoice issue<\/li><li>Stock control<\/li><li>Procedures at Consulates, Embassies and International Agencies<\/li><li>Checks and inspections of goods<\/li><li>Consignment Stock in banks<\/li><li>Opening, negotiation and collection of Letters of Credit<\/li><\/ul>","protected":false},"excerpt":{"rendered":"<p>\u00abEn los negocios el secreto es saber algo que nadie m\u00e1s sabe.\u00bb Arist\u00f3teles Onassis Uruguay por su ubicaci\u00f3n geogr\u00e1fica en la regi\u00f3n, tiene una larga historia como pa\u00eds atractivo y conveniente para la inversi\u00f3n, comercializaci\u00f3n, distribuci\u00f3n y almacenaje de mercader\u00edas para los inversores locales o extranjeros cuyo centro de inter\u00e9s sea el continente americano. Ofrecemos &#8230; <a title=\"International Trade and Logistics\" class=\"read-more\" href=\"https:\/\/www.oterogroup.com\/en\/logistica-y-comercio-internacional\/\" aria-label=\"More on Log\u00edstica y Comercio Internacional\">Read more<\/a><\/p>","protected":false},"author":1,"featured_media":1393,"parent":0,"menu_order":0,"comment_status":"closed","ping_status":"closed","template":"","meta":{"footnotes":""},"class_list":["post-1384","page","type-page","status-publish","has-post-thumbnail"],"acf":[],"_links":{"self":[{"href":"https:\/\/www.oterogroup.com\/en\/wp-json\/wp\/v2\/pages\/1384","targetHints":{"allow":["GET"]}}],"collection":[{"href":"https:\/\/www.oterogroup.com\/en\/wp-json\/wp\/v2\/pages"}],"about":[{"href":"https:\/\/www.oterogroup.com\/en\/wp-json\/wp\/v2\/types\/page"}],"author":[{"embeddable":true,"href":"https:\/\/www.oterogroup.com\/en\/wp-json\/wp\/v2\/users\/1"}],"replies":[{"embeddable":true,"href":"https:\/\/www.oterogroup.com\/en\/wp-json\/wp\/v2\/comments?post=1384"}],"version-history":[{"count":1,"href":"https:\/\/www.oterogroup.com\/en\/wp-json\/wp\/v2\/pages\/1384\/revisions"}],"predecessor-version":[{"id":1388,"href":"https:\/\/www.oterogroup.com\/en\/wp-json\/wp\/v2\/pages\/1384\/revisions\/1388"}],"wp:featuredmedia":[{"embeddable":true,"href":"https:\/\/www.oterogroup.com\/en\/wp-json\/wp\/v2\/media\/1393"}],"wp:attachment":[{"href":"https:\/\/www.oterogroup.com\/en\/wp-json\/wp\/v2\/media?parent=1384"}],"curies":[{"name":"wp","href":"https:\/\/api.w.org\/{rel}","templated":true}]}}