{"id":1383,"date":"2022-06-29T16:54:30","date_gmt":"2022-06-29T19:54:30","guid":{"rendered":"https:\/\/www.oterogroup.com\/?page_id=1383"},"modified":"2022-06-29T17:21:20","modified_gmt":"2022-06-29T20:21:20","slug":"servicios-de-relocation-residencia","status":"publish","type":"page","link":"https:\/\/www.oterogroup.com\/pt\/servicios-de-relocation-residencia\/","title":{"rendered":"Servicios de Relocation &#8211; Residencia"},"content":{"rendered":"<blockquote class=\"wp-block-quote is-layout-flow wp-block-quote-is-layout-flow\"><p><em>\"Cada sonho que voc\u00ea deixa para tr\u00e1s faz parte do seu futuro que voc\u00ea deixa morrer\".<\/em><\/p><cite><small>Steve Jobs<\/small><\/cite><\/blockquote>\n\n\n\n<p>Nossa firma oferece consultoria e assist\u00eancia abrangente no processo de realoca\u00e7\u00e3o em nosso pa\u00eds, abrangendo aspectos legais, tribut\u00e1rios, cont\u00e1beis e trabalhistas, garantindo assim um processo bem sucedido e eficiente.<\/p>\n\n\n\n<p>N\u00f3s o ajudaremos desde o in\u00edcio, com o pedido de resid\u00eancia e todo o processo de busca de moradia, ve\u00edculo, previd\u00eancia social, escola e outras rela\u00e7\u00f5es.<\/p>\n\n\n\n<p>Entre em contato conosco para obter informa\u00e7\u00f5es adicionais e detalhes sobre nosso servi\u00e7o abrangente.<\/p>","protected":false},"excerpt":{"rendered":"<p>\u201cCada sue\u00f1o que dejas atr\u00e1s es parte de tu futuro que dejas morir\u201d Steve Jobs Nuestra firma brinda un asesoramiento y asistencia integral en el proceso de reubicaci\u00f3n en nuestro pais, abarcando los aspectos legales, impositivos, contables y laborales, asegurando as\u00ed un proceso exitoso y eficiente. Lo asistiremos desde el inicio, con la aplicaci\u00f3n para &#8230; <a title=\"Servi\u00e7os de reloca\u00e7\u00e3o - Resid\u00eancia\" class=\"read-more\" href=\"https:\/\/www.oterogroup.com\/pt\/servicios-de-relocation-residencia\/\" aria-label=\"More on Servicios de Relocation &#8211; Residencia\">Leia mais<\/a><\/p>","protected":false},"author":1,"featured_media":1394,"parent":0,"menu_order":0,"comment_status":"closed","ping_status":"closed","template":"","meta":{"footnotes":""},"class_list":["post-1383","page","type-page","status-publish","has-post-thumbnail"],"acf":[],"_links":{"self":[{"href":"https:\/\/www.oterogroup.com\/pt\/wp-json\/wp\/v2\/pages\/1383","targetHints":{"allow":["GET"]}}],"collection":[{"href":"https:\/\/www.oterogroup.com\/pt\/wp-json\/wp\/v2\/pages"}],"about":[{"href":"https:\/\/www.oterogroup.com\/pt\/wp-json\/wp\/v2\/types\/page"}],"author":[{"embeddable":true,"href":"https:\/\/www.oterogroup.com\/pt\/wp-json\/wp\/v2\/users\/1"}],"replies":[{"embeddable":true,"href":"https:\/\/www.oterogroup.com\/pt\/wp-json\/wp\/v2\/comments?post=1383"}],"version-history":[{"count":2,"href":"https:\/\/www.oterogroup.com\/pt\/wp-json\/wp\/v2\/pages\/1383\/revisions"}],"predecessor-version":[{"id":1390,"href":"https:\/\/www.oterogroup.com\/pt\/wp-json\/wp\/v2\/pages\/1383\/revisions\/1390"}],"wp:featuredmedia":[{"embeddable":true,"href":"https:\/\/www.oterogroup.com\/pt\/wp-json\/wp\/v2\/media\/1394"}],"wp:attachment":[{"href":"https:\/\/www.oterogroup.com\/pt\/wp-json\/wp\/v2\/media?parent=1383"}],"curies":[{"name":"wp","href":"https:\/\/api.w.org\/{rel}","templated":true}]}}