{"id":1384,"date":"2022-06-29T16:54:01","date_gmt":"2022-06-29T19:54:01","guid":{"rendered":"https:\/\/www.oterogroup.com\/?page_id=1384"},"modified":"2022-06-29T17:30:14","modified_gmt":"2022-06-29T20:30:14","slug":"logistica-y-comercio-internacional","status":"publish","type":"page","link":"https:\/\/www.oterogroup.com\/pt\/logistica-y-comercio-internacional\/","title":{"rendered":"Log\u00edstica e Com\u00e9rcio Internacional"},"content":{"rendered":"<blockquote class=\"wp-block-quote is-layout-flow wp-block-quote-is-layout-flow\"><p><em>\"Nos neg\u00f3cios o segredo \u00e9 saber alguma coisa que ningu\u00e9m mais sabe.\"<\/em><\/p><cite><small>Arist\u00f3teles Onassis<\/small><\/cite><\/blockquote>\n\n\n\n<p>Uruguai pela sua posi\u00e7ao geogr\u00e1fica na regiao, tem uma longa historia como pais atrativo e conveniente para o investimento, comercializa\u00e7ao, distribui\u00e7ao e armazenagem de mercadorias para os investidores locais ou estrangeiros cujo centro de interesse \u00e9 o continente americano.<\/p>\n\n\n\n<p>Oferecemos um servi\u00e7o integral de Log\u00edstica e Com\u00e9rcio Internacional que inclui desde a contrata\u00e7ao de fretes e seguros, passando pela recep\u00e7ao de mercadorias na fronteira (porto\/aeroporto\/fronteira terrestre) sua transfer\u00e9ncia para armazenagem ou tr\u00e1fico, at\u00e9 sua entrega em destino.<\/p>\n\n\n\n<p>Nosso objetivo e dar solu\u00e7oes as necessidades dos clientes, satisfaz\u00e9-los atrav\u00e9s da presta\u00e7ao de um servi\u00e7o \u00e1gil, eficiente e din\u00e1mico que assegure a optimiza\u00e7ao de tempo e custos.<\/p>\n\n\n\n<p><strong>Servi\u00e7os em Zona Franca e Porto Livre:<\/strong><\/p>\n\n\n\n<ul class=\"wp-block-list\"><li>Contrata\u00e7ao de fretes e seguros.<\/li><li>Recep\u00e7ao de Carga em Fronteira (Porto, aeroporto ou terrestre).<\/li><li>Gestao alfandeg\u00e1ria de Importa\u00e7ao, Exporta\u00e7ao e tr\u00e1fico.<\/li><li>Armazenagem em dep\u00f3sitos em Zona Franca ou Porto Livre.<\/li><li>Fracionamiento, Etiquetado, Mudan\u00e7a de embalagem, Emisisao de faturas.<\/li><li>Controle de Estoque.<\/li><li>Gestoes perante consulados, embaixadas e Organismos Internacionais.<\/li><li>Verifica\u00e7oes e Fiscaliza\u00e7ao e Mercadorias.<\/li><li>Consigna\u00e7ao de Estoque de Bancos.<\/li><li>Confec\u00e7ao e negocia\u00e7ao de Cartas de Cr\u00e9dito ou Cobran\u00e7as.<\/li><\/ul>","protected":false},"excerpt":{"rendered":"<p>\u00abEn los negocios el secreto es saber algo que nadie m\u00e1s sabe.\u00bb Arist\u00f3teles Onassis Uruguay por su ubicaci\u00f3n geogr\u00e1fica en la regi\u00f3n, tiene una larga historia como pa\u00eds atractivo y conveniente para la inversi\u00f3n, comercializaci\u00f3n, distribuci\u00f3n y almacenaje de mercader\u00edas para los inversores locales o extranjeros cuyo centro de inter\u00e9s sea el continente americano. Ofrecemos &#8230; <a title=\"Log\u00edstica e Com\u00e9rcio Internacional\" class=\"read-more\" href=\"https:\/\/www.oterogroup.com\/pt\/logistica-y-comercio-internacional\/\" aria-label=\"More on Log\u00edstica y Comercio Internacional\">Leia mais<\/a><\/p>","protected":false},"author":1,"featured_media":1393,"parent":0,"menu_order":0,"comment_status":"closed","ping_status":"closed","template":"","meta":{"footnotes":""},"class_list":["post-1384","page","type-page","status-publish","has-post-thumbnail"],"acf":[],"_links":{"self":[{"href":"https:\/\/www.oterogroup.com\/pt\/wp-json\/wp\/v2\/pages\/1384","targetHints":{"allow":["GET"]}}],"collection":[{"href":"https:\/\/www.oterogroup.com\/pt\/wp-json\/wp\/v2\/pages"}],"about":[{"href":"https:\/\/www.oterogroup.com\/pt\/wp-json\/wp\/v2\/types\/page"}],"author":[{"embeddable":true,"href":"https:\/\/www.oterogroup.com\/pt\/wp-json\/wp\/v2\/users\/1"}],"replies":[{"embeddable":true,"href":"https:\/\/www.oterogroup.com\/pt\/wp-json\/wp\/v2\/comments?post=1384"}],"version-history":[{"count":1,"href":"https:\/\/www.oterogroup.com\/pt\/wp-json\/wp\/v2\/pages\/1384\/revisions"}],"predecessor-version":[{"id":1388,"href":"https:\/\/www.oterogroup.com\/pt\/wp-json\/wp\/v2\/pages\/1384\/revisions\/1388"}],"wp:featuredmedia":[{"embeddable":true,"href":"https:\/\/www.oterogroup.com\/pt\/wp-json\/wp\/v2\/media\/1393"}],"wp:attachment":[{"href":"https:\/\/www.oterogroup.com\/pt\/wp-json\/wp\/v2\/media?parent=1384"}],"curies":[{"name":"wp","href":"https:\/\/api.w.org\/{rel}","templated":true}]}}